{"id":25,"date":"2023-12-12T09:14:10","date_gmt":"2023-12-12T08:14:10","guid":{"rendered":"http:\/\/www.aliasconcept.net\/?page_id=25"},"modified":"2025-04-11T11:49:50","modified_gmt":"2025-04-11T09:49:50","slug":"inicio","status":"publish","type":"page","link":"http:\/\/aliasconcept.net\/","title":{"rendered":"INICIO"},"content":{"rendered":"\n<p class=\"has-text-align-left has-ast-global-color-3-color has-text-color has-link-color wp-elements-c8e17cc3d5efdbd5dbf75312cadcbbf4\" style=\"padding-top:0;padding-right:0;padding-bottom:0;padding-left:0\">Nace en el 2008 basada en los 15 a\u00f1os de experiencia de su fundador en el negocio de la joyer\u00eda viajando alrededor del todo el mundo. Nuestra f\u00e1brica se encuentra situada en el Parque Joyero de C\u00f3rdoba, ciudad de larga tradici\u00f3n joyera. En un corto plazo de tiempo hemos conseguido ser uno de los fabricantes l\u00edderes en la exportaci\u00f3n de Espa\u00f1a y distribuimos nuestros productos a grandes consumidores de los 5 continentes.<\/p>\n\n\n\n<figure class=\"wp-block-gallery has-nested-images columns-default is-cropped wp-block-gallery-1 is-layout-flex wp-block-gallery-is-layout-flex\">\n<figure class=\"wp-block-image size-large\"><img loading=\"lazy\" decoding=\"async\" width=\"768\" height=\"1024\" data-id=\"271\" src=\"http:\/\/www.aliasconcept.net\/wp-content\/uploads\/2023\/12\/FOTO-1-FERIA-VICENZA-2023.jpg\" alt=\"\" class=\"wp-image-271\" srcset=\"http:\/\/aliasconcept.net\/wp-content\/uploads\/2023\/12\/FOTO-1-FERIA-VICENZA-2023.jpg 768w, http:\/\/aliasconcept.net\/wp-content\/uploads\/2023\/12\/FOTO-1-FERIA-VICENZA-2023-225x300.jpg 225w\" sizes=\"auto, (max-width: 768px) 100vw, 768px\" \/><\/figure>\n\n\n\n<figure class=\"wp-block-image size-large\"><img loading=\"lazy\" decoding=\"async\" width=\"1024\" height=\"683\" data-id=\"9\" src=\"http:\/\/www.aliasconcept.net\/wp-content\/uploads\/2023\/11\/Sesion-joyeria-14-dic1252-1024x683.jpg\" alt=\"\" class=\"wp-image-9\" srcset=\"http:\/\/aliasconcept.net\/wp-content\/uploads\/2023\/11\/Sesion-joyeria-14-dic1252-1024x683.jpg 1024w, http:\/\/aliasconcept.net\/wp-content\/uploads\/2023\/11\/Sesion-joyeria-14-dic1252-300x200.jpg 300w, http:\/\/aliasconcept.net\/wp-content\/uploads\/2023\/11\/Sesion-joyeria-14-dic1252-768x512.jpg 768w, http:\/\/aliasconcept.net\/wp-content\/uploads\/2023\/11\/Sesion-joyeria-14-dic1252-1536x1024.jpg 1536w, http:\/\/aliasconcept.net\/wp-content\/uploads\/2023\/11\/Sesion-joyeria-14-dic1252.jpg 2048w\" sizes=\"auto, (max-width: 1024px) 100vw, 1024px\" \/><\/figure>\n\n\n\n<figure class=\"wp-block-image size-large\"><img loading=\"lazy\" decoding=\"async\" width=\"1024\" height=\"768\" data-id=\"272\" src=\"http:\/\/www.aliasconcept.net\/wp-content\/uploads\/2023\/12\/FOTO-2-FERIA-VICENZA-2023.jpg\" alt=\"\" class=\"wp-image-272\" srcset=\"http:\/\/aliasconcept.net\/wp-content\/uploads\/2023\/12\/FOTO-2-FERIA-VICENZA-2023.jpg 1024w, http:\/\/aliasconcept.net\/wp-content\/uploads\/2023\/12\/FOTO-2-FERIA-VICENZA-2023-300x225.jpg 300w, http:\/\/aliasconcept.net\/wp-content\/uploads\/2023\/12\/FOTO-2-FERIA-VICENZA-2023-768x576.jpg 768w\" sizes=\"auto, (max-width: 1024px) 100vw, 1024px\" \/><\/figure>\n<\/figure>\n\n\n\n<div class=\"wp-block-columns are-vertically-aligned-top is-layout-flex wp-container-core-columns-is-layout-95a58b9f wp-block-columns-is-layout-flex\" style=\"border-style:none;border-width:0px;border-radius:63px;margin-top:var(--wp--preset--spacing--20);margin-bottom:var(--wp--preset--spacing--20);padding-top:0;padding-right:0;padding-bottom:0;padding-left:0\">\n<div class=\"wp-block-column is-vertically-aligned-top has-ast-global-color-5-color has-text-color has-link-color wp-elements-5312336b21c2af7c4128ae90ed166006 is-layout-flow wp-container-core-column-is-layout-30a78a81 wp-block-column-is-layout-flow\" style=\"border-style:none;border-width:0px;padding-top:0;padding-right:0;padding-bottom:0;padding-left:0\">\n<figure class=\"wp-block-image aligncenter size-large is-resized has-custom-border\"><img loading=\"lazy\" decoding=\"async\" width=\"1024\" height=\"683\" src=\"http:\/\/www.aliasconcept.net\/wp-content\/uploads\/2023\/12\/alias-concept-002-1024x683.jpg\" alt=\"\" class=\"wp-image-307\" style=\"border-style:none;border-width:0px;border-radius:0px;width:359px;height:auto\" srcset=\"http:\/\/aliasconcept.net\/wp-content\/uploads\/2023\/12\/alias-concept-002-1024x683.jpg 1024w, http:\/\/aliasconcept.net\/wp-content\/uploads\/2023\/12\/alias-concept-002-300x200.jpg 300w, http:\/\/aliasconcept.net\/wp-content\/uploads\/2023\/12\/alias-concept-002-768x512.jpg 768w, http:\/\/aliasconcept.net\/wp-content\/uploads\/2023\/12\/alias-concept-002-1536x1024.jpg 1536w, http:\/\/aliasconcept.net\/wp-content\/uploads\/2023\/12\/alias-concept-002.jpg 2048w\" sizes=\"auto, (max-width: 1024px) 100vw, 1024px\" \/><\/figure>\n\n\n\n<hr class=\"wp-block-separator has-text-color has-ast-global-color-2-color has-alpha-channel-opacity has-ast-global-color-2-background-color has-background\" style=\"margin-top:var(--wp--preset--spacing--50);margin-bottom:var(--wp--preset--spacing--50)\"\/>\n\n\n\n<figure class=\"wp-block-image aligncenter size-large is-resized has-custom-border\"><img loading=\"lazy\" decoding=\"async\" width=\"1024\" height=\"683\" src=\"http:\/\/www.aliasconcept.net\/wp-content\/uploads\/2023\/12\/alias-concept-139-1024x683.jpg\" alt=\"\" class=\"wp-image-508\" style=\"border-radius:7px;width:404px;height:auto\" srcset=\"http:\/\/aliasconcept.net\/wp-content\/uploads\/2023\/12\/alias-concept-139-1024x683.jpg 1024w, http:\/\/aliasconcept.net\/wp-content\/uploads\/2023\/12\/alias-concept-139-300x200.jpg 300w, http:\/\/aliasconcept.net\/wp-content\/uploads\/2023\/12\/alias-concept-139-768x512.jpg 768w, http:\/\/aliasconcept.net\/wp-content\/uploads\/2023\/12\/alias-concept-139-1536x1024.jpg 1536w, http:\/\/aliasconcept.net\/wp-content\/uploads\/2023\/12\/alias-concept-139.jpg 2048w\" sizes=\"auto, (max-width: 1024px) 100vw, 1024px\" \/><\/figure>\n<\/div>\n\n\n\n<div class=\"wp-block-column is-vertically-aligned-top is-layout-flow wp-block-column-is-layout-flow\">\n<figure class=\"wp-block-image size-large is-resized\"><img loading=\"lazy\" decoding=\"async\" width=\"683\" height=\"1024\" src=\"http:\/\/www.aliasconcept.net\/wp-content\/uploads\/2023\/12\/Sesion-joyeria-14-dic0907-683x1024.jpg\" alt=\"\" class=\"wp-image-388\" style=\"width:379px;height:auto\" srcset=\"http:\/\/aliasconcept.net\/wp-content\/uploads\/2023\/12\/Sesion-joyeria-14-dic0907-683x1024.jpg 683w, http:\/\/aliasconcept.net\/wp-content\/uploads\/2023\/12\/Sesion-joyeria-14-dic0907-200x300.jpg 200w, http:\/\/aliasconcept.net\/wp-content\/uploads\/2023\/12\/Sesion-joyeria-14-dic0907-768x1152.jpg 768w, http:\/\/aliasconcept.net\/wp-content\/uploads\/2023\/12\/Sesion-joyeria-14-dic0907-1024x1536.jpg 1024w, http:\/\/aliasconcept.net\/wp-content\/uploads\/2023\/12\/Sesion-joyeria-14-dic0907.jpg 1365w\" sizes=\"auto, (max-width: 683px) 100vw, 683px\" \/><\/figure>\n<\/div>\n\n\n\n<div class=\"wp-block-column is-vertically-aligned-top is-layout-flow wp-block-column-is-layout-flow\">\n<figure class=\"wp-block-image aligncenter size-large is-resized has-custom-border\"><img loading=\"lazy\" decoding=\"async\" width=\"1024\" height=\"683\" src=\"http:\/\/www.aliasconcept.net\/wp-content\/uploads\/2023\/12\/alias-concept-128-1024x683.jpg\" alt=\"\" class=\"has-border-color has-ast-global-color-5-border-color wp-image-324\" style=\"border-width:4px;width:364px;height:auto\" srcset=\"http:\/\/aliasconcept.net\/wp-content\/uploads\/2023\/12\/alias-concept-128-1024x683.jpg 1024w, http:\/\/aliasconcept.net\/wp-content\/uploads\/2023\/12\/alias-concept-128-300x200.jpg 300w, http:\/\/aliasconcept.net\/wp-content\/uploads\/2023\/12\/alias-concept-128-768x512.jpg 768w, http:\/\/aliasconcept.net\/wp-content\/uploads\/2023\/12\/alias-concept-128-1536x1024.jpg 1536w, http:\/\/aliasconcept.net\/wp-content\/uploads\/2023\/12\/alias-concept-128.jpg 2048w\" sizes=\"auto, (max-width: 1024px) 100vw, 1024px\" \/><\/figure>\n\n\n\n<hr class=\"wp-block-separator has-text-color has-ast-global-color-2-color has-alpha-channel-opacity has-ast-global-color-2-background-color has-background\" style=\"margin-top:var(--wp--preset--spacing--50);margin-bottom:var(--wp--preset--spacing--50)\"\/>\n\n\n\n<figure class=\"wp-block-image aligncenter size-large is-resized has-custom-border\"><img loading=\"lazy\" decoding=\"async\" width=\"1024\" height=\"683\" src=\"http:\/\/www.aliasconcept.net\/wp-content\/uploads\/2023\/12\/alias-concept-026-1024x683.jpg\" alt=\"\" class=\"has-border-color has-ast-global-color-5-border-color wp-image-390\" style=\"border-width:8px;width:378px;height:auto\" srcset=\"http:\/\/aliasconcept.net\/wp-content\/uploads\/2023\/12\/alias-concept-026-1024x683.jpg 1024w, http:\/\/aliasconcept.net\/wp-content\/uploads\/2023\/12\/alias-concept-026-300x200.jpg 300w, http:\/\/aliasconcept.net\/wp-content\/uploads\/2023\/12\/alias-concept-026-768x512.jpg 768w, http:\/\/aliasconcept.net\/wp-content\/uploads\/2023\/12\/alias-concept-026-1536x1024.jpg 1536w, http:\/\/aliasconcept.net\/wp-content\/uploads\/2023\/12\/alias-concept-026.jpg 2048w\" sizes=\"auto, (max-width: 1024px) 100vw, 1024px\" \/><\/figure>\n<\/div>\n<\/div>\n\n\n\n<hr class=\"wp-block-separator has-alpha-channel-opacity\"\/>\n\n\n\n<div class=\"wp-block-group alignfull is-layout-constrained wp-block-group-is-layout-constrained\">\n<div class=\"wp-block-uagb-image alignfull uagb-block-ab3fb04c wp-block-uagb-image--layout-default wp-block-uagb-image--effect-zoomin wp-block-uagb-image--align-full\"><figure class=\"wp-block-uagb-image__figure\"><img decoding=\"async\"  sizes=\"auto, (max-width: 480px) 150px\" src=\"http:\/\/www.aliasconcept.net\/wp-content\/uploads\/2023\/12\/Sesion-joyeria-SIN-FONDO.jpg\" alt=\"\" width=\"732\" height=\"488\" title=\"\" loading=\"lazy\" role=\"img\"\/><\/figure><\/div>\n<\/div>\n\n\n\n<div class=\"wp-block-columns is-layout-flex wp-container-core-columns-is-layout-28f84493 wp-block-columns-is-layout-flex\">\n<div class=\"wp-block-column is-vertically-aligned-center is-layout-flow wp-block-column-is-layout-flow\" style=\"flex-basis:251px\">\n<p class=\"has-text-align-left\"><strong>Alias Concept&nbsp;ha sido tambi\u00e9n finalista en los&nbsp;Premios&nbsp;Alas 2018; ha recibido el&nbsp;Premio&nbsp;a la Trayectoria Empresarial y Profesional otorgado por el Colegio Oficial de Joyeros, de Orfebres, de Relojeros y de Gem\u00f3logos de Catalu\u00f1a 2019; y el&nbsp;Premio&nbsp;San Eloy a la Proyecci\u00f3n Empresarial y a la Innovaci\u00f3n 2019.<\/strong><\/p>\n<\/div>\n\n\n\n<div class=\"wp-block-column is-layout-flow wp-block-column-is-layout-flow\">\n<figure class=\"wp-block-image aligncenter size-large is-resized has-custom-border is-style-default\"><img loading=\"lazy\" decoding=\"async\" width=\"1024\" height=\"683\" src=\"http:\/\/www.aliasconcept.net\/wp-content\/uploads\/2023\/12\/RECONOCIMIENTO-JORG-2019-1-1024x683.jpg\" alt=\"\" class=\"wp-image-501\" style=\"border-radius:0px;aspect-ratio:1.7777777777777777;object-fit:cover;width:1087px;height:auto\" srcset=\"http:\/\/aliasconcept.net\/wp-content\/uploads\/2023\/12\/RECONOCIMIENTO-JORG-2019-1-1024x683.jpg 1024w, http:\/\/aliasconcept.net\/wp-content\/uploads\/2023\/12\/RECONOCIMIENTO-JORG-2019-1-300x200.jpg 300w, http:\/\/aliasconcept.net\/wp-content\/uploads\/2023\/12\/RECONOCIMIENTO-JORG-2019-1-768x512.jpg 768w, http:\/\/aliasconcept.net\/wp-content\/uploads\/2023\/12\/RECONOCIMIENTO-JORG-2019-1.jpg 1200w\" sizes=\"auto, (max-width: 1024px) 100vw, 1024px\" \/><\/figure>\n<\/div>\n<\/div>\n\n\n\n<hr class=\"wp-block-separator has-alpha-channel-opacity\"\/>\n","protected":false},"excerpt":{"rendered":"<p>Nace en el 2008 basada en los 15 a\u00f1os de experiencia de su fundador en el negocio de la joyer\u00eda viajando alrededor del todo el mundo. Nuestra f\u00e1brica se encuentra situada en el Parque Joyero de C\u00f3rdoba, ciudad de larga tradici\u00f3n joyera. En un corto plazo de tiempo hemos conseguido ser uno de los fabricantes [&hellip;]<\/p>\n","protected":false},"author":1,"featured_media":0,"parent":0,"menu_order":0,"comment_status":"closed","ping_status":"closed","template":"","meta":{"_uag_custom_page_level_css":"","site-sidebar-layout":"no-sidebar","site-content-layout":"","ast-site-content-layout":"normal-width-container","site-content-style":"default","site-sidebar-style":"unboxed","ast-global-header-display":"","ast-banner-title-visibility":"","ast-main-header-display":"","ast-hfb-above-header-display":"","ast-hfb-below-header-display":"","ast-hfb-mobile-header-display":"","site-post-title":"disabled","ast-breadcrumbs-content":"","ast-featured-img":"","footer-sml-layout":"","ast-disable-related-posts":"","theme-transparent-header-meta":"default","adv-header-id-meta":"","stick-header-meta":"","header-above-stick-meta":"","header-main-stick-meta":"","header-below-stick-meta":"","astra-migrate-meta-layouts":"default","ast-page-background-enabled":"default","ast-page-background-meta":{"desktop":{"background-color":"var(--ast-global-color-4)","background-image":"","background-repeat":"repeat","background-position":"center center","background-size":"auto","background-attachment":"scroll","background-type":"","background-media":"","overlay-type":"","overlay-color":"","overlay-opacity":"","overlay-gradient":""},"tablet":{"background-color":"","background-image":"","background-repeat":"repeat","background-position":"center center","background-size":"auto","background-attachment":"scroll","background-type":"","background-media":"","overlay-type":"","overlay-color":"","overlay-opacity":"","overlay-gradient":""},"mobile":{"background-color":"","background-image":"","background-repeat":"repeat","background-position":"center center","background-size":"auto","background-attachment":"scroll","background-type":"","background-media":"","overlay-type":"","overlay-color":"","overlay-opacity":"","overlay-gradient":""}},"ast-content-background-meta":{"desktop":{"background-color":"var(--ast-global-color-5)","background-image":"","background-repeat":"repeat","background-position":"center center","background-size":"auto","background-attachment":"scroll","background-type":"","background-media":"","overlay-type":"","overlay-color":"","overlay-opacity":"","overlay-gradient":""},"tablet":{"background-color":"var(--ast-global-color-5)","background-image":"","background-repeat":"repeat","background-position":"center center","background-size":"auto","background-attachment":"scroll","background-type":"","background-media":"","overlay-type":"","overlay-color":"","overlay-opacity":"","overlay-gradient":""},"mobile":{"background-color":"var(--ast-global-color-5)","background-image":"","background-repeat":"repeat","background-position":"center center","background-size":"auto","background-attachment":"scroll","background-type":"","background-media":"","overlay-type":"","overlay-color":"","overlay-opacity":"","overlay-gradient":""}},"footnotes":""},"class_list":["post-25","page","type-page","status-publish","hentry"],"uagb_featured_image_src":{"full":false,"thumbnail":false,"medium":false,"medium_large":false,"large":false,"1536x1536":false,"2048x2048":false},"uagb_author_info":{"display_name":"jespinosa","author_link":"http:\/\/aliasconcept.net\/?author=1"},"uagb_comment_info":0,"uagb_excerpt":"Nace en el 2008 basada en los 15 a\u00f1os de experiencia de su fundador en el negocio de la joyer\u00eda viajando alrededor del todo el mundo. Nuestra f\u00e1brica se encuentra situada en el Parque Joyero de C\u00f3rdoba, ciudad de larga tradici\u00f3n joyera. En un corto plazo de tiempo hemos conseguido ser uno de los fabricantes&hellip;","_links":{"self":[{"href":"http:\/\/aliasconcept.net\/index.php?rest_route=\/wp\/v2\/pages\/25","targetHints":{"allow":["GET"]}}],"collection":[{"href":"http:\/\/aliasconcept.net\/index.php?rest_route=\/wp\/v2\/pages"}],"about":[{"href":"http:\/\/aliasconcept.net\/index.php?rest_route=\/wp\/v2\/types\/page"}],"author":[{"embeddable":true,"href":"http:\/\/aliasconcept.net\/index.php?rest_route=\/wp\/v2\/users\/1"}],"replies":[{"embeddable":true,"href":"http:\/\/aliasconcept.net\/index.php?rest_route=%2Fwp%2Fv2%2Fcomments&post=25"}],"version-history":[{"count":264,"href":"http:\/\/aliasconcept.net\/index.php?rest_route=\/wp\/v2\/pages\/25\/revisions"}],"predecessor-version":[{"id":1250,"href":"http:\/\/aliasconcept.net\/index.php?rest_route=\/wp\/v2\/pages\/25\/revisions\/1250"}],"wp:attachment":[{"href":"http:\/\/aliasconcept.net\/index.php?rest_route=%2Fwp%2Fv2%2Fmedia&parent=25"}],"curies":[{"name":"wp","href":"https:\/\/api.w.org\/{rel}","templated":true}]}}