{"id":224,"date":"2023-12-26T14:25:31","date_gmt":"2023-12-26T13:25:31","guid":{"rendered":"http:\/\/www.aliasconcept.net\/?page_id=224"},"modified":"2025-04-11T12:58:05","modified_gmt":"2025-04-11T10:58:05","slug":"noticias","status":"publish","type":"page","link":"http:\/\/aliasconcept.net\/?page_id=224","title":{"rendered":"NOTICIAS"},"content":{"rendered":"\n<div class=\"wp-block-group is-layout-constrained wp-block-group-is-layout-constrained\">\n<p class=\"has-text-align-center\"><strong>Alias Concept&nbsp;ha sido tambi\u00e9n finalista en los&nbsp;Premios&nbsp;Alas 2018; ha recibido el&nbsp;Premio&nbsp;a la Trayectoria Empresarial y Profesional otorgado por el Colegio Oficial de Joyeros, de Orfebres, de Relojeros y de Gem\u00f3logos de Catalu\u00f1a 2019; y el&nbsp;Premio&nbsp;San Eloy a la Proyecci\u00f3n Empresarial y a la Innovaci\u00f3n 2019.<\/strong><\/p>\n<\/div>\n\n\n\n<p class=\"has-text-align-center\"><strong><em><mark style=\"background-color:rgba(0, 0, 0, 0)\" class=\"has-inline-color has-ast-global-color-2-color\">Acc\u00e9sit a la formaci\u00f3n y el empleo por la c\u00e1mara de comercio de C\u00f3rdoba<\/mark><\/em><\/strong><\/p>\n\n\n\n<div class=\"wp-block-uagb-image aligncenter uagb-block-06f574f5 wp-block-uagb-image--layout-default wp-block-uagb-image--effect-zoomin wp-block-uagb-image--align-center\"><figure class=\"wp-block-uagb-image__figure\"><img decoding=\"async\"  sizes=\"auto, (max-width: 480px) 150px\" src=\"http:\/\/www.aliasconcept.net\/wp-content\/uploads\/2024\/01\/RECONOCIMIENTO-CAMARA-DE-COMERCIO-1024x683.jpg\" alt=\"\" width=\"937\" height=\"625\" title=\"\" loading=\"lazy\" role=\"img\"\/><\/figure><\/div>\n\n\n\n<p><\/p>\n\n\n\n<figure class=\"wp-block-embed is-type-video is-provider-youtube wp-block-embed-youtube wp-embed-aspect-16-9 wp-has-aspect-ratio\"><div class=\"wp-block-embed__wrapper\">\n<iframe loading=\"lazy\" title=\"Alias Concept dise\u00f1a y comercializa 500.000 joyas al a\u00f1o para llegar al mercado internacional\" width=\"500\" height=\"281\" src=\"https:\/\/www.youtube.com\/embed\/JsP1W9n-WmA?feature=oembed\" frameborder=\"0\" allow=\"accelerometer; autoplay; clipboard-write; encrypted-media; gyroscope; picture-in-picture; web-share\" referrerpolicy=\"strict-origin-when-cross-origin\" allowfullscreen><\/iframe>\n<\/div><\/figure>\n","protected":false},"excerpt":{"rendered":"<p>Alias Concept&nbsp;ha sido tambi\u00e9n finalista en los&nbsp;Premios&nbsp;Alas 2018; ha recibido el&nbsp;Premio&nbsp;a la Trayectoria Empresarial y Profesional otorgado por el Colegio Oficial de Joyeros, de Orfebres, de Relojeros y de Gem\u00f3logos de Catalu\u00f1a 2019; y el&nbsp;Premio&nbsp;San Eloy a la Proyecci\u00f3n Empresarial y a la Innovaci\u00f3n 2019. Acc\u00e9sit a la formaci\u00f3n y el empleo por la c\u00e1mara [&hellip;]<\/p>\n","protected":false},"author":1,"featured_media":501,"parent":0,"menu_order":0,"comment_status":"closed","ping_status":"closed","template":"","meta":{"_uag_custom_page_level_css":"","site-sidebar-layout":"default","site-content-layout":"","ast-site-content-layout":"normal-width-container","site-content-style":"boxed","site-sidebar-style":"default","ast-global-header-display":"","ast-banner-title-visibility":"","ast-main-header-display":"","ast-hfb-above-header-display":"","ast-hfb-below-header-display":"disabled","ast-hfb-mobile-header-display":"","site-post-title":"disabled","ast-breadcrumbs-content":"","ast-featured-img":"","footer-sml-layout":"","ast-disable-related-posts":"","theme-transparent-header-meta":"","adv-header-id-meta":"","stick-header-meta":"","header-above-stick-meta":"","header-main-stick-meta":"","header-below-stick-meta":"","astra-migrate-meta-layouts":"default","ast-page-background-enabled":"default","ast-page-background-meta":{"desktop":{"background-color":"var(--ast-global-color-4)","background-image":"","background-repeat":"repeat","background-position":"center center","background-size":"auto","background-attachment":"scroll","background-type":"","background-media":"","overlay-type":"","overlay-color":"","overlay-opacity":"","overlay-gradient":""},"tablet":{"background-color":"","background-image":"","background-repeat":"repeat","background-position":"center center","background-size":"auto","background-attachment":"scroll","background-type":"","background-media":"","overlay-type":"","overlay-color":"","overlay-opacity":"","overlay-gradient":""},"mobile":{"background-color":"","background-image":"","background-repeat":"repeat","background-position":"center center","background-size":"auto","background-attachment":"scroll","background-type":"","background-media":"","overlay-type":"","overlay-color":"","overlay-opacity":"","overlay-gradient":""}},"ast-content-background-meta":{"desktop":{"background-color":"var(--ast-global-color-5)","background-image":"","background-repeat":"repeat","background-position":"center center","background-size":"auto","background-attachment":"scroll","background-type":"","background-media":"","overlay-type":"","overlay-color":"","overlay-opacity":"","overlay-gradient":""},"tablet":{"background-color":"var(--ast-global-color-5)","background-image":"","background-repeat":"repeat","background-position":"center center","background-size":"auto","background-attachment":"scroll","background-type":"","background-media":"","overlay-type":"","overlay-color":"","overlay-opacity":"","overlay-gradient":""},"mobile":{"background-color":"var(--ast-global-color-5)","background-image":"","background-repeat":"repeat","background-position":"center center","background-size":"auto","background-attachment":"scroll","background-type":"","background-media":"","overlay-type":"","overlay-color":"","overlay-opacity":"","overlay-gradient":""}},"footnotes":""},"class_list":["post-224","page","type-page","status-publish","has-post-thumbnail","hentry"],"uagb_featured_image_src":{"full":["http:\/\/aliasconcept.net\/wp-content\/uploads\/2023\/12\/RECONOCIMIENTO-JORG-2019-1.jpg",1200,800,false],"thumbnail":["http:\/\/aliasconcept.net\/wp-content\/uploads\/2023\/12\/RECONOCIMIENTO-JORG-2019-1-150x150.jpg",150,150,true],"medium":["http:\/\/aliasconcept.net\/wp-content\/uploads\/2023\/12\/RECONOCIMIENTO-JORG-2019-1-300x200.jpg",300,200,true],"medium_large":["http:\/\/aliasconcept.net\/wp-content\/uploads\/2023\/12\/RECONOCIMIENTO-JORG-2019-1-768x512.jpg",768,512,true],"large":["http:\/\/aliasconcept.net\/wp-content\/uploads\/2023\/12\/RECONOCIMIENTO-JORG-2019-1-1024x683.jpg",1024,683,true],"1536x1536":["http:\/\/aliasconcept.net\/wp-content\/uploads\/2023\/12\/RECONOCIMIENTO-JORG-2019-1.jpg",1200,800,false],"2048x2048":["http:\/\/aliasconcept.net\/wp-content\/uploads\/2023\/12\/RECONOCIMIENTO-JORG-2019-1.jpg",1200,800,false]},"uagb_author_info":{"display_name":"jespinosa","author_link":"http:\/\/aliasconcept.net\/?author=1"},"uagb_comment_info":0,"uagb_excerpt":"Alias Concept&nbsp;ha sido tambi\u00e9n finalista en los&nbsp;Premios&nbsp;Alas 2018; ha recibido el&nbsp;Premio&nbsp;a la Trayectoria Empresarial y Profesional otorgado por el Colegio Oficial de Joyeros, de Orfebres, de Relojeros y de Gem\u00f3logos de Catalu\u00f1a 2019; y el&nbsp;Premio&nbsp;San Eloy a la Proyecci\u00f3n Empresarial y a la Innovaci\u00f3n 2019. Acc\u00e9sit a la formaci\u00f3n y el empleo por la c\u00e1mara&hellip;","_links":{"self":[{"href":"http:\/\/aliasconcept.net\/index.php?rest_route=\/wp\/v2\/pages\/224","targetHints":{"allow":["GET"]}}],"collection":[{"href":"http:\/\/aliasconcept.net\/index.php?rest_route=\/wp\/v2\/pages"}],"about":[{"href":"http:\/\/aliasconcept.net\/index.php?rest_route=\/wp\/v2\/types\/page"}],"author":[{"embeddable":true,"href":"http:\/\/aliasconcept.net\/index.php?rest_route=\/wp\/v2\/users\/1"}],"replies":[{"embeddable":true,"href":"http:\/\/aliasconcept.net\/index.php?rest_route=%2Fwp%2Fv2%2Fcomments&post=224"}],"version-history":[{"count":13,"href":"http:\/\/aliasconcept.net\/index.php?rest_route=\/wp\/v2\/pages\/224\/revisions"}],"predecessor-version":[{"id":1293,"href":"http:\/\/aliasconcept.net\/index.php?rest_route=\/wp\/v2\/pages\/224\/revisions\/1293"}],"wp:featuredmedia":[{"embeddable":true,"href":"http:\/\/aliasconcept.net\/index.php?rest_route=\/wp\/v2\/media\/501"}],"wp:attachment":[{"href":"http:\/\/aliasconcept.net\/index.php?rest_route=%2Fwp%2Fv2%2Fmedia&parent=224"}],"curies":[{"name":"wp","href":"https:\/\/api.w.org\/{rel}","templated":true}]}}