{"id":180,"date":"2023-12-26T12:43:14","date_gmt":"2023-12-26T11:43:14","guid":{"rendered":"http:\/\/www.aliasconcept.net\/?page_id=180"},"modified":"2025-06-06T11:59:27","modified_gmt":"2025-06-06T09:59:27","slug":"fabrica-2","status":"publish","type":"page","link":"http:\/\/aliasconcept.net\/?page_id=180","title":{"rendered":"FABRICA"},"content":{"rendered":"\n<p>Nuestra continua b\u00fasqueda de nuevas t\u00e9cnicas de fabricaci\u00f3n y nuestro fuerte desarrollo de productos con m\u00e1s de 1000 novedades por a\u00f1o, hacen de nuestra compa\u00f1\u00eda el socio ideal para nuestros clientes.<\/p>\n\n\n\n<p>Alias Concept produce todos sus art\u00edculos en 19, 18, 14, 10, 9 y 8 quilates, y nuestro rango de precios vana desde los 2.5S hasta Ios 3.000 S. Nuestra colecci\u00f3n incluye Pendientes con o sin zirconitas, diamantes, piedras preciosas o semipreciosas y\/o perlas. Sortijas. Colgantes. Gargantillas, Pulseras, Piercings, etc..<\/p>\n\n\n\n<p><br><strong>Calidad de producto<\/strong><\/p>\n\n\n\n<p>Alias Concept utiliza para la fabricaci\u00f3n de sus productos los materiales de m\u00e1s alta calidad que existen en el mercado. Realizamos una b\u00fasqueda constante para ofrecer a nuestros clientes los mejores materiales al precio m\u00e1s competitivo.<br>Alta tecnolog\u00eda y cualificaci\u00f3n<\/p>\n\n\n\n<p>Alias Concept dispone de la maquinaria mas moderna del mercado y un personal altamente cualificado. Fundici\u00f3n, estampaci\u00f3n, corte-soldado-marcado por laser, microengaste, son algunas de las t\u00e9cnicas de fabricaci\u00f3n que utilizamos. Garantizamos una alta calidad en toda nuestra producci\u00f3n, con un cuidadoso proceso de acabado antes de ser enviadas a nuestros clientes.<\/p>\n\n\n\n<p><br><strong>Dise\u00f1o y prototipado<\/strong><\/p>\n\n\n\n<p>Nuestro constante desarrollo de producto nos ha hecho equiparnos con los programas de dise\u00f1o mas avanzados del mercado y con la maquinaria mas moderna para la creaci\u00f3n de prototipos. No existen l\u00edmites en la concepci\u00f3n de nuestra joyas.<\/p>\n\n\n\n<p><br><strong>Stock<\/strong><\/p>\n\n\n\n<p>Disponemos de un amplio surtido en Stock para poder atender los pedidos urgentes de nuestro Best-Sellers.<\/p>\n\n\n\n<div class=\"wp-block-uagb-image uagb-block-4ead1f6b wp-block-uagb-image--layout-default wp-block-uagb-image--effect-static wp-block-uagb-image--align-none\"><figure class=\"wp-block-uagb-image__figure\"><img decoding=\"async\"  sizes=\"auto, (max-width: 480px) 150px\" src=\"http:\/\/aliasconcept.net\/wp-content\/uploads\/2023\/12\/fabrica.jpg\" alt=\"\" width=\"1280\" height=\"548\" title=\"\" loading=\"lazy\" role=\"img\"\/><\/figure><\/div>\n","protected":false},"excerpt":{"rendered":"<p>Nuestra continua b\u00fasqueda de nuevas t\u00e9cnicas de fabricaci\u00f3n y nuestro fuerte desarrollo de productos con m\u00e1s de 1000 novedades por a\u00f1o, hacen de nuestra compa\u00f1\u00eda el socio ideal para nuestros clientes. Alias Concept produce todos sus art\u00edculos en 19, 18, 14, 10, 9 y 8 quilates, y nuestro rango de precios vana desde los 2.5S [&hellip;]<\/p>\n","protected":false},"author":1,"featured_media":187,"parent":0,"menu_order":0,"comment_status":"closed","ping_status":"closed","template":"","meta":{"_uag_custom_page_level_css":"","site-sidebar-layout":"no-sidebar","site-content-layout":"","ast-site-content-layout":"normal-width-container","site-content-style":"boxed","site-sidebar-style":"boxed","ast-global-header-display":"","ast-banner-title-visibility":"","ast-main-header-display":"","ast-hfb-above-header-display":"","ast-hfb-below-header-display":"disabled","ast-hfb-mobile-header-display":"","site-post-title":"disabled","ast-breadcrumbs-content":"","ast-featured-img":"","footer-sml-layout":"","ast-disable-related-posts":"","theme-transparent-header-meta":"","adv-header-id-meta":"","stick-header-meta":"","header-above-stick-meta":"","header-main-stick-meta":"","header-below-stick-meta":"","astra-migrate-meta-layouts":"default","ast-page-background-enabled":"default","ast-page-background-meta":{"desktop":{"background-color":"var(--ast-global-color-4)","background-image":"","background-repeat":"repeat","background-position":"center center","background-size":"auto","background-attachment":"scroll","background-type":"","background-media":"","overlay-type":"","overlay-color":"","overlay-opacity":"","overlay-gradient":""},"tablet":{"background-color":"","background-image":"","background-repeat":"repeat","background-position":"center center","background-size":"auto","background-attachment":"scroll","background-type":"","background-media":"","overlay-type":"","overlay-color":"","overlay-opacity":"","overlay-gradient":""},"mobile":{"background-color":"","background-image":"","background-repeat":"repeat","background-position":"center center","background-size":"auto","background-attachment":"scroll","background-type":"","background-media":"","overlay-type":"","overlay-color":"","overlay-opacity":"","overlay-gradient":""}},"ast-content-background-meta":{"desktop":{"background-color":"var(--ast-global-color-5)","background-image":"","background-repeat":"repeat","background-position":"center center","background-size":"auto","background-attachment":"scroll","background-type":"","background-media":"","overlay-type":"","overlay-color":"","overlay-opacity":"","overlay-gradient":""},"tablet":{"background-color":"var(--ast-global-color-5)","background-image":"","background-repeat":"repeat","background-position":"center center","background-size":"auto","background-attachment":"scroll","background-type":"","background-media":"","overlay-type":"","overlay-color":"","overlay-opacity":"","overlay-gradient":""},"mobile":{"background-color":"var(--ast-global-color-5)","background-image":"","background-repeat":"repeat","background-position":"center center","background-size":"auto","background-attachment":"scroll","background-type":"","background-media":"","overlay-type":"","overlay-color":"","overlay-opacity":"","overlay-gradient":""}},"footnotes":""},"class_list":["post-180","page","type-page","status-publish","has-post-thumbnail","hentry"],"uagb_featured_image_src":{"full":["http:\/\/aliasconcept.net\/wp-content\/uploads\/2023\/12\/empresa.jpg",880,495,false],"thumbnail":["http:\/\/aliasconcept.net\/wp-content\/uploads\/2023\/12\/empresa-150x150.jpg",150,150,true],"medium":["http:\/\/aliasconcept.net\/wp-content\/uploads\/2023\/12\/empresa-300x169.jpg",300,169,true],"medium_large":["http:\/\/aliasconcept.net\/wp-content\/uploads\/2023\/12\/empresa-768x432.jpg",768,432,true],"large":["http:\/\/aliasconcept.net\/wp-content\/uploads\/2023\/12\/empresa.jpg",880,495,false],"1536x1536":["http:\/\/aliasconcept.net\/wp-content\/uploads\/2023\/12\/empresa.jpg",880,495,false],"2048x2048":["http:\/\/aliasconcept.net\/wp-content\/uploads\/2023\/12\/empresa.jpg",880,495,false]},"uagb_author_info":{"display_name":"jespinosa","author_link":"http:\/\/aliasconcept.net\/?author=1"},"uagb_comment_info":0,"uagb_excerpt":"Nuestra continua b\u00fasqueda de nuevas t\u00e9cnicas de fabricaci\u00f3n y nuestro fuerte desarrollo de productos con m\u00e1s de 1000 novedades por a\u00f1o, hacen de nuestra compa\u00f1\u00eda el socio ideal para nuestros clientes. Alias Concept produce todos sus art\u00edculos en 19, 18, 14, 10, 9 y 8 quilates, y nuestro rango de precios vana desde los 2.5S&hellip;","_links":{"self":[{"href":"http:\/\/aliasconcept.net\/index.php?rest_route=\/wp\/v2\/pages\/180","targetHints":{"allow":["GET"]}}],"collection":[{"href":"http:\/\/aliasconcept.net\/index.php?rest_route=\/wp\/v2\/pages"}],"about":[{"href":"http:\/\/aliasconcept.net\/index.php?rest_route=\/wp\/v2\/types\/page"}],"author":[{"embeddable":true,"href":"http:\/\/aliasconcept.net\/index.php?rest_route=\/wp\/v2\/users\/1"}],"replies":[{"embeddable":true,"href":"http:\/\/aliasconcept.net\/index.php?rest_route=%2Fwp%2Fv2%2Fcomments&post=180"}],"version-history":[{"count":20,"href":"http:\/\/aliasconcept.net\/index.php?rest_route=\/wp\/v2\/pages\/180\/revisions"}],"predecessor-version":[{"id":1305,"href":"http:\/\/aliasconcept.net\/index.php?rest_route=\/wp\/v2\/pages\/180\/revisions\/1305"}],"wp:featuredmedia":[{"embeddable":true,"href":"http:\/\/aliasconcept.net\/index.php?rest_route=\/wp\/v2\/media\/187"}],"wp:attachment":[{"href":"http:\/\/aliasconcept.net\/index.php?rest_route=%2Fwp%2Fv2%2Fmedia&parent=180"}],"curies":[{"name":"wp","href":"https:\/\/api.w.org\/{rel}","templated":true}]}}